{"id":963,"date":"2020-12-19T19:14:19","date_gmt":"2020-12-19T18:14:19","guid":{"rendered":"http:\/\/www.onepagewp.com\/test\/?page_id=963"},"modified":"2025-07-23T22:56:26","modified_gmt":"2025-07-23T20:56:26","slug":"ki-und-automatisierung","status":"publish","type":"page","link":"https:\/\/michelliconvalley.com\/de\/ki-und-automatisierung\/","title":{"rendered":"KI &amp; Automatisierung"},"content":{"rendered":"\t\t<div data-elementor-type=\"wp-page\" data-elementor-id=\"963\" class=\"elementor elementor-963\">\n\t\t\t\t\t\t<section class=\"elementor-section elementor-top-section elementor-element elementor-element-276a2c38 elementor-reverse-mobile elementor-section-boxed elementor-section-height-default elementor-section-height-default\" data-id=\"276a2c38\" data-element_type=\"section\" data-settings=\"{&quot;background_background&quot;:&quot;classic&quot;}\">\n\t\t\t\t\t\t\t<div class=\"elementor-background-overlay\"><\/div>\n\t\t\t\t\t\t\t<div class=\"elementor-container elementor-column-gap-default\">\n\t\t\t\t\t<div class=\"elementor-column elementor-col-100 elementor-top-column elementor-element elementor-element-64c1c53f cb-col-black-background cb-white-text\" data-id=\"64c1c53f\" data-element_type=\"column\" data-settings=\"{&quot;background_background&quot;:&quot;classic&quot;}\">\n\t\t\t<div class=\"elementor-widget-wrap elementor-element-populated\">\n\t\t\t\t\t<div class=\"elementor-background-overlay\"><\/div>\n\t\t\t\t\t\t<div class=\"elementor-element elementor-element-1fdbfb4f elementor-widget elementor-widget-heading\" data-id=\"1fdbfb4f\" data-element_type=\"widget\" data-widget_type=\"heading.default\">\n\t\t\t\t<div class=\"elementor-widget-container\">\n\t\t\t\t\t<h1 class=\"elementor-heading-title elementor-size-default\">KI &amp; Automatisierung<\/h1>\t\t\t\t<\/div>\n\t\t\t\t<\/div>\n\t\t\t\t<section class=\"elementor-section elementor-inner-section elementor-element elementor-element-e7020f3 elementor-section-boxed elementor-section-height-default elementor-section-height-default\" data-id=\"e7020f3\" data-element_type=\"section\">\n\t\t\t\t\t\t<div class=\"elementor-container elementor-column-gap-default\">\n\t\t\t\t\t<div class=\"elementor-column elementor-col-50 elementor-inner-column elementor-element elementor-element-50faef6\" data-id=\"50faef6\" data-element_type=\"column\">\n\t\t\t<div class=\"elementor-widget-wrap elementor-element-populated\">\n\t\t\t\t\t\t<div class=\"elementor-element elementor-element-53f7f1d elementor-widget__width-inherit elementor-widget elementor-widget-text-editor\" data-id=\"53f7f1d\" data-element_type=\"widget\" data-widget_type=\"text-editor.default\">\n\t\t\t\t<div class=\"elementor-widget-container\">\n\t\t\t\t\t\t\t\t\t<div class=\"elementor-element elementor-element-cbf133e elementor-widget elementor-widget-text-editor\" data-id=\"cbf133e\" data-element_type=\"widget\" data-widget_type=\"text-editor.default\"><div class=\"elementor-widget-container\"><p>Ob interner Wissens-Chat, smarte Tools oder GPT-Anwendungen \u2013 wir bringen KI dorthin, wo sie echten Nutzen stiftet.<\/p><\/div><\/div>\t\t\t\t\t\t\t\t<\/div>\n\t\t\t\t<\/div>\n\t\t\t\t<div class=\"elementor-element elementor-element-84a91dd elementor-align-center elementor-widget elementor-widget-button\" data-id=\"84a91dd\" data-element_type=\"widget\" data-widget_type=\"button.default\">\n\t\t\t\t<div class=\"elementor-widget-container\">\n\t\t\t\t\t\t\t\t\t<div class=\"elementor-button-wrapper\">\n\t\t\t\t\t<a class=\"elementor-button elementor-button-link elementor-size-sm\" href=\"\/ki\">\n\t\t\t\t\t\t<span class=\"elementor-button-content-wrapper\">\n\t\t\t\t\t\t\t\t\t<span class=\"elementor-button-text\">KI<\/span>\n\t\t\t\t\t<\/span>\n\t\t\t\t\t<\/a>\n\t\t\t\t<\/div>\n\t\t\t\t\t\t\t\t<\/div>\n\t\t\t\t<\/div>\n\t\t\t\t\t<\/div>\n\t\t<\/div>\n\t\t\t\t<div class=\"elementor-column elementor-col-50 elementor-inner-column elementor-element elementor-element-0f2a776\" data-id=\"0f2a776\" data-element_type=\"column\">\n\t\t\t<div class=\"elementor-widget-wrap elementor-element-populated\">\n\t\t\t\t\t\t<div class=\"elementor-element elementor-element-51051ebb elementor-widget__width-inherit elementor-widget elementor-widget-text-editor\" data-id=\"51051ebb\" data-element_type=\"widget\" data-widget_type=\"text-editor.default\">\n\t\t\t\t<div class=\"elementor-widget-container\">\n\t\t\t\t\t\t\t\t\t<p>Manuelle Aufgaben? Nicht mehr n\u00f6tig. Wir automatisieren Prozesse, integrieren Systeme und sorgen f\u00fcr reibungslose Abl\u00e4ufe \u2013 auch ohne KI.<\/p>\t\t\t\t\t\t\t\t<\/div>\n\t\t\t\t<\/div>\n\t\t\t\t<div class=\"elementor-element elementor-element-19b79f8 elementor-align-center elementor-widget elementor-widget-button\" data-id=\"19b79f8\" data-element_type=\"widget\" data-widget_type=\"button.default\">\n\t\t\t\t<div class=\"elementor-widget-container\">\n\t\t\t\t\t\t\t\t\t<div class=\"elementor-button-wrapper\">\n\t\t\t\t\t<a class=\"elementor-button elementor-button-link elementor-size-sm\" href=\"\/automatisierung\">\n\t\t\t\t\t\t<span class=\"elementor-button-content-wrapper\">\n\t\t\t\t\t\t\t\t\t<span class=\"elementor-button-text\">Automatisierung<\/span>\n\t\t\t\t\t<\/span>\n\t\t\t\t\t<\/a>\n\t\t\t\t<\/div>\n\t\t\t\t\t\t\t\t<\/div>\n\t\t\t\t<\/div>\n\t\t\t\t\t<\/div>\n\t\t<\/div>\n\t\t\t\t\t<\/div>\n\t\t<\/section>\n\t\t\t\t\t<\/div>\n\t\t<\/div>\n\t\t\t\t\t<\/div>\n\t\t<\/section>\n\t\t\t\t<section class=\"elementor-section elementor-top-section elementor-element elementor-element-93a671d elementor-section-boxed elementor-section-height-default elementor-section-height-default\" data-id=\"93a671d\" data-element_type=\"section\" data-settings=\"{&quot;background_background&quot;:&quot;classic&quot;}\">\n\t\t\t\t\t\t<div class=\"elementor-container elementor-column-gap-default\">\n\t\t\t\t\t<div class=\"elementor-column elementor-col-100 elementor-top-column elementor-element elementor-element-5104304\" data-id=\"5104304\" data-element_type=\"column\">\n\t\t\t<div class=\"elementor-widget-wrap\">\n\t\t\t\t\t\t\t<\/div>\n\t\t<\/div>\n\t\t\t\t\t<\/div>\n\t\t<\/section>\n\t\t\t\t<\/div>\n\t\t","protected":false},"excerpt":{"rendered":"<p>KI &amp; Automatisierung Ob interner Wissens-Chat, smarte Tools oder GPT-Anwendungen \u2013 wir bringen KI dorthin, wo sie echten Nutzen stiftet. KI Manuelle Aufgaben? Nicht mehr n\u00f6tig. Wir automatisieren Prozesse, integrieren Systeme und sorgen f\u00fcr reibungslose Abl\u00e4ufe \u2013 auch ohne KI. Automatisierung<\/p>\n","protected":false},"author":1,"featured_media":0,"parent":0,"menu_order":0,"comment_status":"closed","ping_status":"closed","template":"elementor_header_footer","meta":{"footnotes":""},"class_list":["post-963","page","type-page","status-publish","hentry"],"yoast_head":"<!-- This site is optimized with the Yoast SEO plugin v26.6 - https:\/\/yoast.com\/wordpress\/plugins\/seo\/ -->\n<title>KI &amp; Automatisierung - Michelliconvalley<\/title>\n<meta name=\"description\" content=\"Michellicon Valley - Ihre K\u00fcnstlermanagement Agentur. Wir unterst\u00fctzen K\u00fcnstler, Blogger und Influencer bei der Steigerung ihres Marktwerts und der individuellen Karriereentwicklung. Werde jetzt Teil unseres Teams!\" \/>\n<meta name=\"robots\" content=\"index, follow, max-snippet:-1, max-image-preview:large, max-video-preview:-1\" \/>\n<link rel=\"canonical\" href=\"https:\/\/michelliconvalley.com\/de\/ki-und-automatisierung\/\" \/>\n<meta property=\"og:locale\" content=\"de_DE\" \/>\n<meta property=\"og:type\" content=\"article\" \/>\n<meta property=\"og:title\" content=\"KI &amp; Automatisierung - Michelliconvalley\" \/>\n<meta property=\"og:description\" content=\"Michellicon Valley - Ihre K\u00fcnstlermanagement Agentur. Wir unterst\u00fctzen K\u00fcnstler, Blogger und Influencer bei der Steigerung ihres Marktwerts und der individuellen Karriereentwicklung. Werde jetzt Teil unseres Teams!\" \/>\n<meta property=\"og:url\" content=\"https:\/\/michelliconvalley.com\/de\/ki-und-automatisierung\/\" \/>\n<meta property=\"og:site_name\" content=\"Michelliconvalley\" \/>\n<meta property=\"article:publisher\" content=\"https:\/\/www.facebook.com\/people\/Michellicon-Valley\/100070913688878\/\" \/>\n<meta property=\"article:modified_time\" content=\"2025-07-23T20:56:26+00:00\" \/>\n<meta name=\"twitter:card\" content=\"summary_large_image\" \/>\n<meta name=\"twitter:label1\" content=\"Gesch\u00e4tzte Lesezeit\" \/>\n\t<meta name=\"twitter:data1\" content=\"1\u00a0Minute\" \/>\n<script type=\"application\/ld+json\" class=\"yoast-schema-graph\">{\"@context\":\"https:\/\/schema.org\",\"@graph\":[{\"@type\":\"WebPage\",\"@id\":\"https:\/\/michelliconvalley.com\/ki-und-automatisierung\/\",\"url\":\"https:\/\/michelliconvalley.com\/ki-und-automatisierung\/\",\"name\":\"KI &amp; Automatisierung - Michelliconvalley\",\"isPartOf\":{\"@id\":\"https:\/\/michelliconvalley.com\/#website\"},\"datePublished\":\"2020-12-19T18:14:19+00:00\",\"dateModified\":\"2025-07-23T20:56:26+00:00\",\"description\":\"Michellicon Valley - Ihre K\u00fcnstlermanagement Agentur. Wir unterst\u00fctzen K\u00fcnstler, Blogger und Influencer bei der Steigerung ihres Marktwerts und der individuellen Karriereentwicklung. Werde jetzt Teil unseres Teams!\",\"breadcrumb\":{\"@id\":\"https:\/\/michelliconvalley.com\/ki-und-automatisierung\/#breadcrumb\"},\"inLanguage\":\"de\",\"potentialAction\":[{\"@type\":\"ReadAction\",\"target\":[\"https:\/\/michelliconvalley.com\/ki-und-automatisierung\/\"]}]},{\"@type\":\"BreadcrumbList\",\"@id\":\"https:\/\/michelliconvalley.com\/ki-und-automatisierung\/#breadcrumb\",\"itemListElement\":[{\"@type\":\"ListItem\",\"position\":1,\"name\":\"Startseite\",\"item\":\"https:\/\/michelliconvalley.com\/\"},{\"@type\":\"ListItem\",\"position\":2,\"name\":\"KI &amp; Automatisierung\"}]},{\"@type\":\"WebSite\",\"@id\":\"https:\/\/michelliconvalley.com\/#website\",\"url\":\"https:\/\/michelliconvalley.com\/\",\"name\":\"Michelliconvalley\",\"description\":\"KI &amp; Automatisierung, Websites &amp; Apps\",\"publisher\":{\"@id\":\"https:\/\/michelliconvalley.com\/#organization\"},\"potentialAction\":[{\"@type\":\"SearchAction\",\"target\":{\"@type\":\"EntryPoint\",\"urlTemplate\":\"https:\/\/michelliconvalley.com\/?s={search_term_string}\"},\"query-input\":{\"@type\":\"PropertyValueSpecification\",\"valueRequired\":true,\"valueName\":\"search_term_string\"}}],\"inLanguage\":\"de\"},{\"@type\":\"Organization\",\"@id\":\"https:\/\/michelliconvalley.com\/#organization\",\"name\":\"Michellicon Valley\",\"url\":\"https:\/\/michelliconvalley.com\/\",\"logo\":{\"@type\":\"ImageObject\",\"inLanguage\":\"de\",\"@id\":\"https:\/\/michelliconvalley.com\/#\/schema\/logo\/image\/\",\"url\":\"https:\/\/michelliconvalley.com\/wp-content\/uploads\/2021\/09\/cropped-MV_3.png\",\"contentUrl\":\"https:\/\/michelliconvalley.com\/wp-content\/uploads\/2021\/09\/cropped-MV_3.png\",\"width\":512,\"height\":512,\"caption\":\"Michellicon Valley\"},\"image\":{\"@id\":\"https:\/\/michelliconvalley.com\/#\/schema\/logo\/image\/\"},\"sameAs\":[\"https:\/\/www.facebook.com\/people\/Michellicon-Valley\/100070913688878\/\",\"https:\/\/www.instagram.com\/michelliconvalley\/\"]}]}<\/script>\n<!-- \/ Yoast SEO plugin. -->","yoast_head_json":{"title":"KI &amp; Automatisierung - Michelliconvalley","description":"Michellicon Valley - Ihre K\u00fcnstlermanagement Agentur. Wir unterst\u00fctzen K\u00fcnstler, Blogger und Influencer bei der Steigerung ihres Marktwerts und der individuellen Karriereentwicklung. Werde jetzt Teil unseres Teams!","robots":{"index":"index","follow":"follow","max-snippet":"max-snippet:-1","max-image-preview":"max-image-preview:large","max-video-preview":"max-video-preview:-1"},"canonical":"https:\/\/michelliconvalley.com\/de\/ki-und-automatisierung\/","og_locale":"de_DE","og_type":"article","og_title":"KI &amp; Automatisierung - Michelliconvalley","og_description":"Michellicon Valley - Ihre K\u00fcnstlermanagement Agentur. Wir unterst\u00fctzen K\u00fcnstler, Blogger und Influencer bei der Steigerung ihres Marktwerts und der individuellen Karriereentwicklung. Werde jetzt Teil unseres Teams!","og_url":"https:\/\/michelliconvalley.com\/de\/ki-und-automatisierung\/","og_site_name":"Michelliconvalley","article_publisher":"https:\/\/www.facebook.com\/people\/Michellicon-Valley\/100070913688878\/","article_modified_time":"2025-07-23T20:56:26+00:00","twitter_card":"summary_large_image","twitter_misc":{"Gesch\u00e4tzte Lesezeit":"1\u00a0Minute"},"schema":{"@context":"https:\/\/schema.org","@graph":[{"@type":"WebPage","@id":"https:\/\/michelliconvalley.com\/ki-und-automatisierung\/","url":"https:\/\/michelliconvalley.com\/ki-und-automatisierung\/","name":"KI &amp; Automatisierung - Michelliconvalley","isPartOf":{"@id":"https:\/\/michelliconvalley.com\/#website"},"datePublished":"2020-12-19T18:14:19+00:00","dateModified":"2025-07-23T20:56:26+00:00","description":"Michellicon Valley - Ihre K\u00fcnstlermanagement Agentur. Wir unterst\u00fctzen K\u00fcnstler, Blogger und Influencer bei der Steigerung ihres Marktwerts und der individuellen Karriereentwicklung. Werde jetzt Teil unseres Teams!","breadcrumb":{"@id":"https:\/\/michelliconvalley.com\/ki-und-automatisierung\/#breadcrumb"},"inLanguage":"de","potentialAction":[{"@type":"ReadAction","target":["https:\/\/michelliconvalley.com\/ki-und-automatisierung\/"]}]},{"@type":"BreadcrumbList","@id":"https:\/\/michelliconvalley.com\/ki-und-automatisierung\/#breadcrumb","itemListElement":[{"@type":"ListItem","position":1,"name":"Startseite","item":"https:\/\/michelliconvalley.com\/"},{"@type":"ListItem","position":2,"name":"KI &amp; Automatisierung"}]},{"@type":"WebSite","@id":"https:\/\/michelliconvalley.com\/#website","url":"https:\/\/michelliconvalley.com\/","name":"Michelliconvalley","description":"KI &amp; Automatisierung, Websites &amp; Apps","publisher":{"@id":"https:\/\/michelliconvalley.com\/#organization"},"potentialAction":[{"@type":"SearchAction","target":{"@type":"EntryPoint","urlTemplate":"https:\/\/michelliconvalley.com\/?s={search_term_string}"},"query-input":{"@type":"PropertyValueSpecification","valueRequired":true,"valueName":"search_term_string"}}],"inLanguage":"de"},{"@type":"Organization","@id":"https:\/\/michelliconvalley.com\/#organization","name":"Michellicon Valley","url":"https:\/\/michelliconvalley.com\/","logo":{"@type":"ImageObject","inLanguage":"de","@id":"https:\/\/michelliconvalley.com\/#\/schema\/logo\/image\/","url":"https:\/\/michelliconvalley.com\/wp-content\/uploads\/2021\/09\/cropped-MV_3.png","contentUrl":"https:\/\/michelliconvalley.com\/wp-content\/uploads\/2021\/09\/cropped-MV_3.png","width":512,"height":512,"caption":"Michellicon Valley"},"image":{"@id":"https:\/\/michelliconvalley.com\/#\/schema\/logo\/image\/"},"sameAs":["https:\/\/www.facebook.com\/people\/Michellicon-Valley\/100070913688878\/","https:\/\/www.instagram.com\/michelliconvalley\/"]}]}},"_links":{"self":[{"href":"https:\/\/michelliconvalley.com\/de\/wp-json\/wp\/v2\/pages\/963","targetHints":{"allow":["GET"]}}],"collection":[{"href":"https:\/\/michelliconvalley.com\/de\/wp-json\/wp\/v2\/pages"}],"about":[{"href":"https:\/\/michelliconvalley.com\/de\/wp-json\/wp\/v2\/types\/page"}],"author":[{"embeddable":true,"href":"https:\/\/michelliconvalley.com\/de\/wp-json\/wp\/v2\/users\/1"}],"replies":[{"embeddable":true,"href":"https:\/\/michelliconvalley.com\/de\/wp-json\/wp\/v2\/comments?post=963"}],"version-history":[{"count":287,"href":"https:\/\/michelliconvalley.com\/de\/wp-json\/wp\/v2\/pages\/963\/revisions"}],"predecessor-version":[{"id":6247,"href":"https:\/\/michelliconvalley.com\/de\/wp-json\/wp\/v2\/pages\/963\/revisions\/6247"}],"wp:attachment":[{"href":"https:\/\/michelliconvalley.com\/de\/wp-json\/wp\/v2\/media?parent=963"}],"curies":[{"name":"wp","href":"https:\/\/api.w.org\/{rel}","templated":true}]}}