{"id":3929,"date":"2021-08-16T20:07:31","date_gmt":"2021-08-16T18:07:31","guid":{"rendered":"http:\/\/dev.michelliconvalley.com\/?page_id=3929"},"modified":"2025-04-18T20:41:39","modified_gmt":"2025-04-18T18:41:39","slug":"impressum","status":"publish","type":"page","link":"https:\/\/michelliconvalley.com\/de\/impressum\/","title":{"rendered":"Impressum"},"content":{"rendered":"\t\t<div data-elementor-type=\"wp-page\" data-elementor-id=\"3929\" class=\"elementor elementor-3929\">\n\t\t\t\t\t\t<section class=\"elementor-section elementor-top-section elementor-element elementor-element-adc17d0 elementor-reverse-mobile elementor-section-boxed elementor-section-height-default elementor-section-height-default\" data-id=\"adc17d0\" data-element_type=\"section\">\n\t\t\t\t\t\t<div class=\"elementor-container elementor-column-gap-default\">\n\t\t\t\t\t<div class=\"elementor-column elementor-col-100 elementor-top-column elementor-element elementor-element-6a975bb cb-col-black-background cb-white-text\" data-id=\"6a975bb\" data-element_type=\"column\" data-settings=\"{&quot;background_background&quot;:&quot;classic&quot;}\">\n\t\t\t<div class=\"elementor-widget-wrap elementor-element-populated\">\n\t\t\t\t\t\t<div class=\"elementor-element elementor-element-4662b93 elementor-widget elementor-widget-heading\" data-id=\"4662b93\" data-element_type=\"widget\" data-widget_type=\"heading.default\">\n\t\t\t\t<div class=\"elementor-widget-container\">\n\t\t\t\t\t<h1 class=\"elementor-heading-title elementor-size-default\">Impressum<\/h1>\t\t\t\t<\/div>\n\t\t\t\t<\/div>\n\t\t\t\t\t<\/div>\n\t\t<\/div>\n\t\t\t\t\t<\/div>\n\t\t<\/section>\n\t\t\t\t<section class=\"elementor-section elementor-top-section elementor-element elementor-element-84e953f elementor-section-boxed elementor-section-height-default elementor-section-height-default\" data-id=\"84e953f\" data-element_type=\"section\">\n\t\t\t\t\t\t<div class=\"elementor-container elementor-column-gap-default\">\n\t\t\t\t\t<div class=\"elementor-column elementor-col-100 elementor-top-column elementor-element elementor-element-a7cd52d\" data-id=\"a7cd52d\" data-element_type=\"column\">\n\t\t\t<div class=\"elementor-widget-wrap elementor-element-populated\">\n\t\t\t\t\t\t<div class=\"elementor-element elementor-element-1c600c0 elementor-widget elementor-widget-text-editor\" data-id=\"1c600c0\" data-element_type=\"widget\" data-no-translation=\"\" data-widget_type=\"text-editor.default\">\n\t\t\t\t<div class=\"elementor-widget-container\">\n\t\t\t\t\t\t\t\t\t<p>Michellicon Valley<\/p><p>Michelle Baisch<\/p><p>Stuttgarterstr. 106<\/p><p>70736 Fellbach<\/p><p>Deutschland<\/p><h5 id=\"m56\">Kontaktm\u00f6glichkeiten<\/h5><p>E-Mail-Adresse: <a href=\"mailto:mail@michelliconvalley.com\">mail@michelliconvalley.com<\/a><\/p><p>Telefon: <a href=\"tel: +4915750705085\">+4915750705085<\/a><\/p><h5 id=\"m3589\">Audiovisuelle Mediendienste<\/h5><p>Sitzland: Deutschland<\/p><p>Zust\u00e4ndige Regulierungs-, bzw. Aufsichtsbeh\u00f6rde: Landesanstalt f\u00fcr Kommunikation Baden-W\u00fcrttemberg (LFK), <a href=\"https:\/\/www.lfk.de\/\" target=\"_blank\" rel=\"noopener\">https:\/\/www.lfk.de\/<\/a><\/p><h5 id=\"m174\">Online-Streitbeilegung (OS)<\/h5><p>Online-Streitbeilegung: Die Europ\u00e4ische Kommission stellt eine Plattform zur Online-Streitbeilegung (OS) bereit, die Sie unter <a href=\"https:\/\/ec.europa.eu\/consumers\/odr\/\" target=\"_blank\" rel=\"noopener\">https:\/\/ec.europa.eu\/consumers\/odr\/<\/a> finden. Verbraucher haben die M\u00f6glichkeit, diese Plattform f\u00fcr die Beilegung ihrer Streitigkeiten zu nutzen.<\/p><h5 id=\"m172\">Social Media und andere Onlinepr\u00e4senzen<\/h5><p>Dieses Impressum gilt auch f\u00fcr die folgenden Social-Media-Pr\u00e4senzen und Onlineprofile:<\/p><p><a href=\"https:\/\/instagram.com\/michelliconvalley?utm_medium=copy_link\" target=\"_blank\" rel=\"noopener\">https:\/\/instagram.com\/michelliconvalley?utm_medium=copy_link<\/a><\/p><h5 id=\"m65\">Haftungs- und Schutzrechtshinweise<\/h5><p><strong>Haftungsausschluss<\/strong>: Die Inhalte dieses Onlineangebotes wurden sorgf\u00e4ltig und nach unserem aktuellen Kenntnisstand erstellt, dienen jedoch nur der Information und entfalten keine rechtlich bindende Wirkung, sofern es sich nicht um gesetzlich verpflichtende Informationen (z.B. das Impressum, die Datenschutzerkl\u00e4rung, AGB oder verpflichtende Belehrungen von Verbrauchern) handelt. Wir behalten uns vor, die Inhalte vollst\u00e4ndig oder teilweise zu \u00e4ndern oder zu l\u00f6schen, soweit vertragliche Verpflichtungen unber\u00fchrt bleiben. Alle Angebote sind freibleibend und unverbindlich.<\/p><p><strong>Links auf fremde Webseiten<\/strong>: Die Inhalte fremder Webseiten, auf die wir direkt oder indirekt verweisen, liegen au\u00dferhalb unseres Verantwortungsbereiches und wir machen sie uns nicht zu Eigen. F\u00fcr alle Inhalte und Nachteile, die aus der Nutzung der in den verlinkten Webseiten aufrufbaren Informationen entstehen, \u00fcbernehmen wir keine Verantwortung.<\/p><p><strong>Urheberrechte und Markenrechte<\/strong>: Alle auf dieser Website dargestellten Inhalte, wie Texte, Fotografien, Grafiken, Marken und Warenzeichen sind durch die jeweiligen Schutzrechte (Urheberrechte, Markenrechte) gesch\u00fctzt. Die Verwendung, Vervielf\u00e4ltigung usw. unterliegen unseren Rechten oder den Rechten der jeweiligen Urheber bzw. Rechteinhaber.<\/p><p><strong>Hinweise auf Rechtsverst\u00f6\u00dfe<\/strong>: Sollten Sie innerhalb unseres Internetauftritts Rechtsverst\u00f6\u00dfe bemerken, bitten wir Sie uns auf diese hinzuweisen. Wir werden rechtswidrige Inhalte und Links nach Kenntnisnahme unverz\u00fcglich entfernen.<\/p>\t\t\t\t\t\t\t\t<\/div>\n\t\t\t\t<\/div>\n\t\t\t\t<div class=\"elementor-element elementor-element-f9808d5 elementor-widget elementor-widget-text-editor\" data-id=\"f9808d5\" data-element_type=\"widget\" data-no-translation=\"\" data-widget_type=\"text-editor.default\">\n\t\t\t\t<div class=\"elementor-widget-container\">\n\t\t\t\t\t<style>.elementor-element-f9808d5{display:none !important}<\/style>\t\t\t\t<\/div>\n\t\t\t\t<\/div>\n\t\t\t\t\t<\/div>\n\t\t<\/div>\n\t\t\t\t\t<\/div>\n\t\t<\/section>\n\t\t\t\t<\/div>\n\t\t","protected":false},"excerpt":{"rendered":"<p>Impressum Michellicon Valley Michelle Baisch Stuttgarterstr. 106 70736 Fellbach Deutschland Kontaktm\u00f6glichkeiten E-Mail-Adresse: mail@michelliconvalley.com Telefon: +4915750705085 Audiovisuelle Mediendienste Sitzland: Deutschland Zust\u00e4ndige Regulierungs-, bzw. Aufsichtsbeh\u00f6rde: Landesanstalt f\u00fcr Kommunikation Baden-W\u00fcrttemberg (LFK), https:\/\/www.lfk.de\/ Online-Streitbeilegung (OS) Online-Streitbeilegung: Die Europ\u00e4ische Kommission stellt eine Plattform zur Online-Streitbeilegung (OS) bereit, die Sie unter https:\/\/ec.europa.eu\/consumers\/odr\/ finden. Verbraucher haben die M\u00f6glichkeit, diese Plattform f\u00fcr die [&hellip;]<\/p>\n","protected":false},"author":1,"featured_media":0,"parent":0,"menu_order":0,"comment_status":"closed","ping_status":"closed","template":"elementor_header_footer","meta":{"footnotes":""},"class_list":["post-3929","page","type-page","status-publish","hentry"],"yoast_head":"<!-- This site is optimized with the Yoast SEO plugin v26.6 - https:\/\/yoast.com\/wordpress\/plugins\/seo\/ -->\n<title>Impressum - Michelliconvalley<\/title>\n<meta name=\"robots\" content=\"index, follow, max-snippet:-1, max-image-preview:large, max-video-preview:-1\" \/>\n<link rel=\"canonical\" href=\"https:\/\/michelliconvalley.com\/de\/impressum\/\" \/>\n<meta property=\"og:locale\" content=\"de_DE\" \/>\n<meta property=\"og:type\" content=\"article\" \/>\n<meta property=\"og:title\" content=\"Impressum - Michelliconvalley\" \/>\n<meta property=\"og:description\" content=\"Impressum Michellicon Valley Michelle Baisch Stuttgarterstr. 106 70736 Fellbach Deutschland Kontaktm\u00f6glichkeiten E-Mail-Adresse: mail@michelliconvalley.com Telefon: +4915750705085 Audiovisuelle Mediendienste Sitzland: Deutschland Zust\u00e4ndige Regulierungs-, bzw. Aufsichtsbeh\u00f6rde: Landesanstalt f\u00fcr Kommunikation Baden-W\u00fcrttemberg (LFK), https:\/\/www.lfk.de\/ Online-Streitbeilegung (OS) Online-Streitbeilegung: Die Europ\u00e4ische Kommission stellt eine Plattform zur Online-Streitbeilegung (OS) bereit, die Sie unter https:\/\/ec.europa.eu\/consumers\/odr\/ finden. Verbraucher haben die M\u00f6glichkeit, diese Plattform f\u00fcr die [&hellip;]\" \/>\n<meta property=\"og:url\" content=\"https:\/\/michelliconvalley.com\/de\/impressum\/\" \/>\n<meta property=\"og:site_name\" content=\"Michelliconvalley\" \/>\n<meta property=\"article:publisher\" content=\"https:\/\/www.facebook.com\/people\/Michellicon-Valley\/100070913688878\/\" \/>\n<meta property=\"article:modified_time\" content=\"2025-04-18T18:41:39+00:00\" \/>\n<meta name=\"twitter:card\" content=\"summary_large_image\" \/>\n<meta name=\"twitter:label1\" content=\"Gesch\u00e4tzte Lesezeit\" \/>\n\t<meta name=\"twitter:data1\" content=\"4\u00a0Minuten\" \/>\n<script type=\"application\/ld+json\" class=\"yoast-schema-graph\">{\"@context\":\"https:\/\/schema.org\",\"@graph\":[{\"@type\":\"WebPage\",\"@id\":\"https:\/\/michelliconvalley.com\/impressum\/\",\"url\":\"https:\/\/michelliconvalley.com\/impressum\/\",\"name\":\"Impressum - Michelliconvalley\",\"isPartOf\":{\"@id\":\"https:\/\/michelliconvalley.com\/#website\"},\"datePublished\":\"2021-08-16T18:07:31+00:00\",\"dateModified\":\"2025-04-18T18:41:39+00:00\",\"breadcrumb\":{\"@id\":\"https:\/\/michelliconvalley.com\/impressum\/#breadcrumb\"},\"inLanguage\":\"de\",\"potentialAction\":[{\"@type\":\"ReadAction\",\"target\":[\"https:\/\/michelliconvalley.com\/impressum\/\"]}]},{\"@type\":\"BreadcrumbList\",\"@id\":\"https:\/\/michelliconvalley.com\/impressum\/#breadcrumb\",\"itemListElement\":[{\"@type\":\"ListItem\",\"position\":1,\"name\":\"Startseite\",\"item\":\"https:\/\/michelliconvalley.com\/\"},{\"@type\":\"ListItem\",\"position\":2,\"name\":\"Impressum\"}]},{\"@type\":\"WebSite\",\"@id\":\"https:\/\/michelliconvalley.com\/#website\",\"url\":\"https:\/\/michelliconvalley.com\/\",\"name\":\"Michelliconvalley\",\"description\":\"KI &amp; Automatisierung, Websites &amp; Apps\",\"publisher\":{\"@id\":\"https:\/\/michelliconvalley.com\/#organization\"},\"potentialAction\":[{\"@type\":\"SearchAction\",\"target\":{\"@type\":\"EntryPoint\",\"urlTemplate\":\"https:\/\/michelliconvalley.com\/?s={search_term_string}\"},\"query-input\":{\"@type\":\"PropertyValueSpecification\",\"valueRequired\":true,\"valueName\":\"search_term_string\"}}],\"inLanguage\":\"de\"},{\"@type\":\"Organization\",\"@id\":\"https:\/\/michelliconvalley.com\/#organization\",\"name\":\"Michellicon Valley\",\"url\":\"https:\/\/michelliconvalley.com\/\",\"logo\":{\"@type\":\"ImageObject\",\"inLanguage\":\"de\",\"@id\":\"https:\/\/michelliconvalley.com\/#\/schema\/logo\/image\/\",\"url\":\"https:\/\/michelliconvalley.com\/wp-content\/uploads\/2021\/09\/cropped-MV_3.png\",\"contentUrl\":\"https:\/\/michelliconvalley.com\/wp-content\/uploads\/2021\/09\/cropped-MV_3.png\",\"width\":512,\"height\":512,\"caption\":\"Michellicon Valley\"},\"image\":{\"@id\":\"https:\/\/michelliconvalley.com\/#\/schema\/logo\/image\/\"},\"sameAs\":[\"https:\/\/www.facebook.com\/people\/Michellicon-Valley\/100070913688878\/\",\"https:\/\/www.instagram.com\/michelliconvalley\/\"]}]}<\/script>\n<!-- \/ Yoast SEO plugin. -->","yoast_head_json":{"title":"Impressum - Michelliconvalley","robots":{"index":"index","follow":"follow","max-snippet":"max-snippet:-1","max-image-preview":"max-image-preview:large","max-video-preview":"max-video-preview:-1"},"canonical":"https:\/\/michelliconvalley.com\/de\/impressum\/","og_locale":"de_DE","og_type":"article","og_title":"Impressum - Michelliconvalley","og_description":"Impressum Michellicon Valley Michelle Baisch Stuttgarterstr. 106 70736 Fellbach Deutschland Kontaktm\u00f6glichkeiten E-Mail-Adresse: mail@michelliconvalley.com Telefon: +4915750705085 Audiovisuelle Mediendienste Sitzland: Deutschland Zust\u00e4ndige Regulierungs-, bzw. Aufsichtsbeh\u00f6rde: Landesanstalt f\u00fcr Kommunikation Baden-W\u00fcrttemberg (LFK), https:\/\/www.lfk.de\/ Online-Streitbeilegung (OS) Online-Streitbeilegung: Die Europ\u00e4ische Kommission stellt eine Plattform zur Online-Streitbeilegung (OS) bereit, die Sie unter https:\/\/ec.europa.eu\/consumers\/odr\/ finden. Verbraucher haben die M\u00f6glichkeit, diese Plattform f\u00fcr die [&hellip;]","og_url":"https:\/\/michelliconvalley.com\/de\/impressum\/","og_site_name":"Michelliconvalley","article_publisher":"https:\/\/www.facebook.com\/people\/Michellicon-Valley\/100070913688878\/","article_modified_time":"2025-04-18T18:41:39+00:00","twitter_card":"summary_large_image","twitter_misc":{"Gesch\u00e4tzte Lesezeit":"4\u00a0Minuten"},"schema":{"@context":"https:\/\/schema.org","@graph":[{"@type":"WebPage","@id":"https:\/\/michelliconvalley.com\/impressum\/","url":"https:\/\/michelliconvalley.com\/impressum\/","name":"Impressum - Michelliconvalley","isPartOf":{"@id":"https:\/\/michelliconvalley.com\/#website"},"datePublished":"2021-08-16T18:07:31+00:00","dateModified":"2025-04-18T18:41:39+00:00","breadcrumb":{"@id":"https:\/\/michelliconvalley.com\/impressum\/#breadcrumb"},"inLanguage":"de","potentialAction":[{"@type":"ReadAction","target":["https:\/\/michelliconvalley.com\/impressum\/"]}]},{"@type":"BreadcrumbList","@id":"https:\/\/michelliconvalley.com\/impressum\/#breadcrumb","itemListElement":[{"@type":"ListItem","position":1,"name":"Startseite","item":"https:\/\/michelliconvalley.com\/"},{"@type":"ListItem","position":2,"name":"Impressum"}]},{"@type":"WebSite","@id":"https:\/\/michelliconvalley.com\/#website","url":"https:\/\/michelliconvalley.com\/","name":"Michelliconvalley","description":"KI &amp; Automatisierung, Websites &amp; Apps","publisher":{"@id":"https:\/\/michelliconvalley.com\/#organization"},"potentialAction":[{"@type":"SearchAction","target":{"@type":"EntryPoint","urlTemplate":"https:\/\/michelliconvalley.com\/?s={search_term_string}"},"query-input":{"@type":"PropertyValueSpecification","valueRequired":true,"valueName":"search_term_string"}}],"inLanguage":"de"},{"@type":"Organization","@id":"https:\/\/michelliconvalley.com\/#organization","name":"Michellicon Valley","url":"https:\/\/michelliconvalley.com\/","logo":{"@type":"ImageObject","inLanguage":"de","@id":"https:\/\/michelliconvalley.com\/#\/schema\/logo\/image\/","url":"https:\/\/michelliconvalley.com\/wp-content\/uploads\/2021\/09\/cropped-MV_3.png","contentUrl":"https:\/\/michelliconvalley.com\/wp-content\/uploads\/2021\/09\/cropped-MV_3.png","width":512,"height":512,"caption":"Michellicon Valley"},"image":{"@id":"https:\/\/michelliconvalley.com\/#\/schema\/logo\/image\/"},"sameAs":["https:\/\/www.facebook.com\/people\/Michellicon-Valley\/100070913688878\/","https:\/\/www.instagram.com\/michelliconvalley\/"]}]}},"_links":{"self":[{"href":"https:\/\/michelliconvalley.com\/de\/wp-json\/wp\/v2\/pages\/3929","targetHints":{"allow":["GET"]}}],"collection":[{"href":"https:\/\/michelliconvalley.com\/de\/wp-json\/wp\/v2\/pages"}],"about":[{"href":"https:\/\/michelliconvalley.com\/de\/wp-json\/wp\/v2\/types\/page"}],"author":[{"embeddable":true,"href":"https:\/\/michelliconvalley.com\/de\/wp-json\/wp\/v2\/users\/1"}],"replies":[{"embeddable":true,"href":"https:\/\/michelliconvalley.com\/de\/wp-json\/wp\/v2\/comments?post=3929"}],"version-history":[{"count":55,"href":"https:\/\/michelliconvalley.com\/de\/wp-json\/wp\/v2\/pages\/3929\/revisions"}],"predecessor-version":[{"id":6209,"href":"https:\/\/michelliconvalley.com\/de\/wp-json\/wp\/v2\/pages\/3929\/revisions\/6209"}],"wp:attachment":[{"href":"https:\/\/michelliconvalley.com\/de\/wp-json\/wp\/v2\/media?parent=3929"}],"curies":[{"name":"wp","href":"https:\/\/api.w.org\/{rel}","templated":true}]}}