{"id":3574,"date":"2021-08-03T20:16:42","date_gmt":"2021-08-03T18:16:42","guid":{"rendered":"http:\/\/dev.michelliconvalley.com\/?page_id=3574"},"modified":"2025-07-23T22:57:34","modified_gmt":"2025-07-23T20:57:34","slug":"startseite","status":"publish","type":"page","link":"https:\/\/michelliconvalley.com\/de\/","title":{"rendered":"Startseite"},"content":{"rendered":"\t\t<div data-elementor-type=\"wp-page\" data-elementor-id=\"3574\" class=\"elementor elementor-3574\">\n\t\t\t\t\t\t<section class=\"elementor-section elementor-top-section elementor-element elementor-element-8ea871e elementor-section-boxed elementor-section-height-default elementor-section-height-default\" data-id=\"8ea871e\" data-element_type=\"section\">\n\t\t\t\t\t\t<div class=\"elementor-container elementor-column-gap-default\">\n\t\t\t\t\t<div class=\"elementor-column elementor-col-100 elementor-top-column elementor-element elementor-element-7f113ec\" data-id=\"7f113ec\" data-element_type=\"column\">\n\t\t\t<div class=\"elementor-widget-wrap elementor-element-populated\">\n\t\t\t\t\t\t<div class=\"elementor-element elementor-element-3e5bf2a elementor-widget elementor-widget-spacer\" data-id=\"3e5bf2a\" data-element_type=\"widget\" data-widget_type=\"spacer.default\">\n\t\t\t\t<div class=\"elementor-widget-container\">\n\t\t\t\t\t\t\t<div class=\"elementor-spacer\">\n\t\t\t<div class=\"elementor-spacer-inner\"><\/div>\n\t\t<\/div>\n\t\t\t\t\t\t<\/div>\n\t\t\t\t<\/div>\n\t\t\t\t\t<\/div>\n\t\t<\/div>\n\t\t\t\t\t<\/div>\n\t\t<\/section>\n\t\t\t\t<section class=\"elementor-section elementor-top-section elementor-element elementor-element-75d2a49 elementor-section-full_width elementor-section-height-min-height elementor-section-height-default elementor-section-items-middle\" data-id=\"75d2a49\" data-element_type=\"section\" data-settings=\"{&quot;background_background&quot;:&quot;classic&quot;}\">\n\t\t\t\t\t\t<div class=\"elementor-container elementor-column-gap-default\">\n\t\t\t\t\t<div class=\"elementor-column elementor-col-100 elementor-top-column elementor-element elementor-element-d19fccb\" data-id=\"d19fccb\" data-element_type=\"column\" data-settings=\"{&quot;background_background&quot;:&quot;classic&quot;}\">\n\t\t\t<div class=\"elementor-widget-wrap\">\n\t\t\t\t\t\t\t<\/div>\n\t\t<\/div>\n\t\t\t\t\t<\/div>\n\t\t<\/section>\n\t\t\t\t<section class=\"elementor-section elementor-top-section elementor-element elementor-element-8d6434c startseite-buttons elementor-section-boxed elementor-section-height-default elementor-section-height-default\" data-id=\"8d6434c\" data-element_type=\"section\">\n\t\t\t\t\t\t<div class=\"elementor-container elementor-column-gap-default\">\n\t\t\t\t\t<div class=\"elementor-column elementor-col-100 elementor-top-column elementor-element elementor-element-bc7c1a6\" data-id=\"bc7c1a6\" data-element_type=\"column\" data-settings=\"{&quot;background_background&quot;:&quot;classic&quot;}\">\n\t\t\t<div class=\"elementor-widget-wrap elementor-element-populated\">\n\t\t\t\t\t\t<div class=\"elementor-element elementor-element-6da635a elementor-align-center elementor-widget elementor-widget-button\" data-id=\"6da635a\" data-element_type=\"widget\" data-widget_type=\"button.default\">\n\t\t\t\t<div class=\"elementor-widget-container\">\n\t\t\t\t\t\t\t\t\t<div class=\"elementor-button-wrapper\">\n\t\t\t\t\t<a class=\"elementor-button elementor-button-link elementor-size-sm\" href=\"https:\/\/calendly.com\/michelliconvalley\/kostenlosesberatungsgespraech\">\n\t\t\t\t\t\t<span class=\"elementor-button-content-wrapper\">\n\t\t\t\t\t\t\t\t\t<span class=\"elementor-button-text\">Buche jetzt Dein kostenloses Beratungsgespr\u00e4ch<\/span>\n\t\t\t\t\t<\/span>\n\t\t\t\t\t<\/a>\n\t\t\t\t<\/div>\n\t\t\t\t\t\t\t\t<\/div>\n\t\t\t\t<\/div>\n\t\t\t\t<div class=\"elementor-element elementor-element-15c28f8 elementor-widget elementor-widget-heading\" data-id=\"15c28f8\" data-element_type=\"widget\" data-widget_type=\"heading.default\">\n\t\t\t\t<div class=\"elementor-widget-container\">\n\t\t\t\t\t<h2 class=\"elementor-heading-title elementor-size-default\"><br><br>Unsere Leistungen<\/h2>\t\t\t\t<\/div>\n\t\t\t\t<\/div>\n\t\t\t\t\t<\/div>\n\t\t<\/div>\n\t\t\t\t\t<\/div>\n\t\t<\/section>\n\t\t\t\t<section class=\"elementor-section elementor-top-section elementor-element elementor-element-e738a35 startseite-buttons elementor-section-boxed elementor-section-height-default elementor-section-height-default\" data-id=\"e738a35\" data-element_type=\"section\">\n\t\t\t\t\t\t<div class=\"elementor-container elementor-column-gap-default\">\n\t\t\t\t\t<div class=\"elementor-column elementor-col-33 elementor-top-column elementor-element elementor-element-f9fa3cc\" data-id=\"f9fa3cc\" data-element_type=\"column\" data-settings=\"{&quot;background_background&quot;:&quot;classic&quot;}\">\n\t\t\t<div class=\"elementor-widget-wrap elementor-element-populated\">\n\t\t\t\t\t\t<div class=\"elementor-element elementor-element-5eb39cc elementor-align-center elementor-widget elementor-widget-button\" data-id=\"5eb39cc\" data-element_type=\"widget\" data-widget_type=\"button.default\">\n\t\t\t\t<div class=\"elementor-widget-container\">\n\t\t\t\t\t\t\t\t\t<div class=\"elementor-button-wrapper\">\n\t\t\t\t\t<a class=\"elementor-button elementor-button-link elementor-size-sm\" href=\"\/ki-und-automatisierung\">\n\t\t\t\t\t\t<span class=\"elementor-button-content-wrapper\">\n\t\t\t\t\t\t\t\t\t<span class=\"elementor-button-text\">KI &amp; Automatisierung<\/span>\n\t\t\t\t\t<\/span>\n\t\t\t\t\t<\/a>\n\t\t\t\t<\/div>\n\t\t\t\t\t\t\t\t<\/div>\n\t\t\t\t<\/div>\n\t\t\t\t\t<\/div>\n\t\t<\/div>\n\t\t\t\t<div class=\"elementor-column elementor-col-33 elementor-top-column elementor-element elementor-element-a433e0e\" data-id=\"a433e0e\" data-element_type=\"column\" data-settings=\"{&quot;background_background&quot;:&quot;classic&quot;}\">\n\t\t\t<div class=\"elementor-widget-wrap elementor-element-populated\">\n\t\t\t\t\t\t<div class=\"elementor-element elementor-element-61e8e0c elementor-align-center elementor-widget elementor-widget-button\" data-id=\"61e8e0c\" data-element_type=\"widget\" data-widget_type=\"button.default\">\n\t\t\t\t<div class=\"elementor-widget-container\">\n\t\t\t\t\t\t\t\t\t<div class=\"elementor-button-wrapper\">\n\t\t\t\t\t<a class=\"elementor-button elementor-button-link elementor-size-sm\" href=\"\/websitesundapps\">\n\t\t\t\t\t\t<span class=\"elementor-button-content-wrapper\">\n\t\t\t\t\t\t\t\t\t<span class=\"elementor-button-text\">Websites &amp; Apps<\/span>\n\t\t\t\t\t<\/span>\n\t\t\t\t\t<\/a>\n\t\t\t\t<\/div>\n\t\t\t\t\t\t\t\t<\/div>\n\t\t\t\t<\/div>\n\t\t\t\t\t<\/div>\n\t\t<\/div>\n\t\t\t\t<div class=\"elementor-column elementor-col-33 elementor-top-column elementor-element elementor-element-3e145c2\" data-id=\"3e145c2\" data-element_type=\"column\" data-settings=\"{&quot;background_background&quot;:&quot;classic&quot;}\">\n\t\t\t<div class=\"elementor-widget-wrap elementor-element-populated\">\n\t\t\t\t\t\t<div class=\"elementor-element elementor-element-f51c136 elementor-align-center elementor-widget elementor-widget-button\" data-id=\"f51c136\" data-element_type=\"widget\" data-widget_type=\"button.default\">\n\t\t\t\t<div class=\"elementor-widget-container\">\n\t\t\t\t\t\t\t\t\t<div class=\"elementor-button-wrapper\">\n\t\t\t\t\t<a class=\"elementor-button elementor-button-link elementor-size-sm\" href=\"\/social-media\">\n\t\t\t\t\t\t<span class=\"elementor-button-content-wrapper\">\n\t\t\t\t\t\t\t\t\t<span class=\"elementor-button-text\">Social Media<\/span>\n\t\t\t\t\t<\/span>\n\t\t\t\t\t<\/a>\n\t\t\t\t<\/div>\n\t\t\t\t\t\t\t\t<\/div>\n\t\t\t\t<\/div>\n\t\t\t\t\t<\/div>\n\t\t<\/div>\n\t\t\t\t\t<\/div>\n\t\t<\/section>\n\t\t\t\t<section class=\"elementor-section elementor-top-section elementor-element elementor-element-6e362fb elementor-section-boxed elementor-section-height-default elementor-section-height-default\" data-id=\"6e362fb\" data-element_type=\"section\">\n\t\t\t\t\t\t<div class=\"elementor-container elementor-column-gap-default\">\n\t\t\t\t\t<div class=\"elementor-column elementor-col-100 elementor-top-column elementor-element elementor-element-795844c\" data-id=\"795844c\" data-element_type=\"column\">\n\t\t\t<div class=\"elementor-widget-wrap elementor-element-populated\">\n\t\t\t\t\t\t<div class=\"elementor-element elementor-element-9df5bc3 elementor-widget elementor-widget-spacer\" data-id=\"9df5bc3\" data-element_type=\"widget\" data-widget_type=\"spacer.default\">\n\t\t\t\t<div class=\"elementor-widget-container\">\n\t\t\t\t\t\t\t<div class=\"elementor-spacer\">\n\t\t\t<div class=\"elementor-spacer-inner\"><\/div>\n\t\t<\/div>\n\t\t\t\t\t\t<\/div>\n\t\t\t\t<\/div>\n\t\t\t\t<div class=\"elementor-element elementor-element-26c7dc5 elementor-widget elementor-widget-text-editor\" data-id=\"26c7dc5\" data-element_type=\"widget\" data-widget_type=\"text-editor.default\">\n\t\t\t\t<div class=\"elementor-widget-container\">\n\t\t\t\t\t\t\t\t\t<p style=\"text-align: center;\" data-start=\"290\" data-end=\"403\"><strong data-start=\"290\" data-end=\"401\">Michellicon Valley steht f\u00fcr durchdachte Digitalisierung mit Struktur, Klarheit und smarten Technologien.<\/strong><\/p><p style=\"text-align: center;\" data-start=\"410\" data-end=\"720\">Wir entwickeln individuelle Systeml\u00f6sungen, die genau zu deinem Unternehmen passen:<br data-start=\"493\" data-end=\"496\" \/>Von automatisierten Workflows und digitalen Prozessen<br data-start=\"551\" data-end=\"554\" \/>\u00fcber leistungsstarke Websites &amp; Apps<br data-start=\"592\" data-end=\"595\" \/>bis hin zu KI-gest\u00fctzten Tools, die Arbeitszeit sparen, Kundenanfragen beschleunigen oder internes Wissen nutzbar machen.<\/p><p style=\"text-align: center;\" data-start=\"727\" data-end=\"874\">Ob einfache Prozessautomatisierung oder eine unternehmensspezifische KI-Anwendung.<br data-start=\"810\" data-end=\"813\" \/>Wir finden die passende L\u00f6sung, denken mit und setzen um.<\/p><p style=\"text-align: center;\">Alles aus einer Hand. Strategisch fundiert. Pers\u00f6nlich begleitet.<\/p>\t\t\t\t\t\t\t\t<\/div>\n\t\t\t\t<\/div>\n\t\t\t\t\t<\/div>\n\t\t<\/div>\n\t\t\t\t\t<\/div>\n\t\t<\/section>\n\t\t\t\t<section class=\"elementor-section elementor-top-section elementor-element elementor-element-1719211 elementor-section-boxed elementor-section-height-default elementor-section-height-default\" data-id=\"1719211\" data-element_type=\"section\">\n\t\t\t\t\t\t<div class=\"elementor-container elementor-column-gap-default\">\n\t\t\t\t\t<div class=\"elementor-column elementor-col-100 elementor-top-column elementor-element elementor-element-1900fb5\" data-id=\"1900fb5\" data-element_type=\"column\">\n\t\t\t<div class=\"elementor-widget-wrap elementor-element-populated\">\n\t\t\t\t\t\t<div class=\"elementor-element elementor-element-69650ca elementor-widget elementor-widget-spacer\" data-id=\"69650ca\" data-element_type=\"widget\" data-widget_type=\"spacer.default\">\n\t\t\t\t<div class=\"elementor-widget-container\">\n\t\t\t\t\t\t\t<div class=\"elementor-spacer\">\n\t\t\t<div class=\"elementor-spacer-inner\"><\/div>\n\t\t<\/div>\n\t\t\t\t\t\t<\/div>\n\t\t\t\t<\/div>\n\t\t\t\t<div class=\"elementor-element elementor-element-b5c7c36 elementor-widget elementor-widget-text-editor\" data-id=\"b5c7c36\" data-element_type=\"widget\" data-widget_type=\"text-editor.default\">\n\t\t\t\t<div class=\"elementor-widget-container\">\n\t\t\t\t\t\t\t\t\t<p><strong data-start=\"767\" data-end=\"796\">Warum Michellicon Valley?<\/strong><\/p><ul><li>Alles aus einer Hand \u2013 von der Idee bis zur Umsetzung<\/li><li>Ein fester Ansprechpartner \u2013 keine wechselnden Teams oder Agenturen<\/li><li>Kombinierbare Leistungen: Website, App, KI, Automatisierung<\/li><li>Strukturierte Prozesse, klare Kommunikation, schnelle Umsetzung<\/li><\/ul>\t\t\t\t\t\t\t\t<\/div>\n\t\t\t\t<\/div>\n\t\t\t\t\t<\/div>\n\t\t<\/div>\n\t\t\t\t\t<\/div>\n\t\t<\/section>\n\t\t\t\t<section class=\"elementor-section elementor-top-section elementor-element elementor-element-89d9cf3 elementor-section-boxed elementor-section-height-default elementor-section-height-default\" data-id=\"89d9cf3\" data-element_type=\"section\">\n\t\t\t\t\t\t<div class=\"elementor-container elementor-column-gap-default\">\n\t\t\t\t\t<div class=\"elementor-column elementor-col-100 elementor-top-column elementor-element elementor-element-f22d57c\" data-id=\"f22d57c\" data-element_type=\"column\">\n\t\t\t<div class=\"elementor-widget-wrap elementor-element-populated\">\n\t\t\t\t\t\t<div class=\"elementor-element elementor-element-11c3ffb elementor-widget elementor-widget-spacer\" data-id=\"11c3ffb\" data-element_type=\"widget\" data-widget_type=\"spacer.default\">\n\t\t\t\t<div class=\"elementor-widget-container\">\n\t\t\t\t\t\t\t<div class=\"elementor-spacer\">\n\t\t\t<div class=\"elementor-spacer-inner\"><\/div>\n\t\t<\/div>\n\t\t\t\t\t\t<\/div>\n\t\t\t\t<\/div>\n\t\t\t\t<div class=\"elementor-element elementor-element-586c2fc elementor-widget elementor-widget-text-editor\" data-id=\"586c2fc\" data-element_type=\"widget\" data-widget_type=\"text-editor.default\">\n\t\t\t\t<div class=\"elementor-widget-container\">\n\t\t\t\t\t\t\t\t\t<p><strong data-start=\"663\" data-end=\"699\">Bereit f\u00fcr den n\u00e4chsten Schritt?<\/strong><br data-start=\"699\" data-end=\"702\" \/>Lass uns gemeinsam herausfinden, wie wir dein Business mit digitalen L\u00f6sungen effizienter, sichtbarer und unabh\u00e4ngiger machen k\u00f6nnen.<\/p>\t\t\t\t\t\t\t\t<\/div>\n\t\t\t\t<\/div>\n\t\t\t\t\t<\/div>\n\t\t<\/div>\n\t\t\t\t\t<\/div>\n\t\t<\/section>\n\t\t\t\t<section class=\"elementor-section elementor-top-section elementor-element elementor-element-eafc491 startseite-buttons elementor-section-boxed elementor-section-height-default elementor-section-height-default\" data-id=\"eafc491\" data-element_type=\"section\">\n\t\t\t\t\t\t<div class=\"elementor-container elementor-column-gap-default\">\n\t\t\t\t\t<div class=\"elementor-column elementor-col-100 elementor-top-column elementor-element elementor-element-0ba9ce4\" data-id=\"0ba9ce4\" data-element_type=\"column\" data-settings=\"{&quot;background_background&quot;:&quot;classic&quot;}\">\n\t\t\t<div class=\"elementor-widget-wrap elementor-element-populated\">\n\t\t\t\t\t\t<div class=\"elementor-element elementor-element-386efdc elementor-align-center elementor-widget elementor-widget-button\" data-id=\"386efdc\" data-element_type=\"widget\" data-widget_type=\"button.default\">\n\t\t\t\t<div class=\"elementor-widget-container\">\n\t\t\t\t\t\t\t\t\t<div class=\"elementor-button-wrapper\">\n\t\t\t\t\t<a class=\"elementor-button elementor-button-link elementor-size-sm\" href=\"https:\/\/calendly.com\/michelliconvalley\/kostenlosesberatungsgespraech\">\n\t\t\t\t\t\t<span class=\"elementor-button-content-wrapper\">\n\t\t\t\t\t\t\t\t\t<span class=\"elementor-button-text\">Buche jetzt Dein kostenloses Beratungsgespr\u00e4ch<\/span>\n\t\t\t\t\t<\/span>\n\t\t\t\t\t<\/a>\n\t\t\t\t<\/div>\n\t\t\t\t\t\t\t\t<\/div>\n\t\t\t\t<\/div>\n\t\t\t\t\t<\/div>\n\t\t<\/div>\n\t\t\t\t\t<\/div>\n\t\t<\/section>\n\t\t\t\t<\/div>\n\t\t","protected":false},"excerpt":{"rendered":"<p>Buche jetzt Dein kostenloses Beratungsgespr\u00e4ch Unsere Leistungen KI &amp; Automatisierung Websites &amp; Apps Social Media Michellicon Valley steht f\u00fcr durchdachte Digitalisierung mit Struktur, Klarheit und smarten Technologien. Wir entwickeln individuelle Systeml\u00f6sungen, die genau zu deinem Unternehmen passen:Von automatisierten Workflows und digitalen Prozessen\u00fcber leistungsstarke Websites &amp; Appsbis hin zu KI-gest\u00fctzten Tools, die Arbeitszeit sparen, Kundenanfragen beschleunigen [&hellip;]<\/p>\n","protected":false},"author":1,"featured_media":0,"parent":0,"menu_order":0,"comment_status":"closed","ping_status":"closed","template":"elementor_header_footer","meta":{"footnotes":""},"class_list":["post-3574","page","type-page","status-publish","hentry"],"yoast_head":"<!-- This site is optimized with the Yoast SEO plugin v26.6 - https:\/\/yoast.com\/wordpress\/plugins\/seo\/ -->\n<title>Startseite - Michelliconvalley<\/title>\n<meta name=\"description\" content=\"Hier werden deine Visionen erfolgreich. Unsere Schwerpunkte sind K\u00fcnstlermanagement, Social Media und IT. Wir bieten dir eine ganzheitliche Unterst\u00fctzung f\u00fcr deinen Erfolg.\" \/>\n<meta name=\"robots\" content=\"index, follow, max-snippet:-1, max-image-preview:large, max-video-preview:-1\" \/>\n<link rel=\"canonical\" href=\"https:\/\/michelliconvalley.com\/de\/\" \/>\n<meta property=\"og:locale\" content=\"de_DE\" \/>\n<meta property=\"og:type\" content=\"article\" \/>\n<meta property=\"og:title\" content=\"Startseite - Michelliconvalley\" \/>\n<meta property=\"og:description\" content=\"Hier werden deine Visionen erfolgreich. Unsere Schwerpunkte sind K\u00fcnstlermanagement, Social Media und IT. Wir bieten dir eine ganzheitliche Unterst\u00fctzung f\u00fcr deinen Erfolg.\" \/>\n<meta property=\"og:url\" content=\"https:\/\/michelliconvalley.com\/de\/\" \/>\n<meta property=\"og:site_name\" content=\"Michelliconvalley\" \/>\n<meta property=\"article:publisher\" content=\"https:\/\/www.facebook.com\/people\/Michellicon-Valley\/100070913688878\/\" \/>\n<meta property=\"article:modified_time\" content=\"2025-07-23T20:57:34+00:00\" \/>\n<meta name=\"twitter:card\" content=\"summary_large_image\" \/>\n<meta name=\"twitter:label1\" content=\"Gesch\u00e4tzte Lesezeit\" \/>\n\t<meta name=\"twitter:data1\" content=\"1\u00a0Minute\" \/>\n<script type=\"application\/ld+json\" class=\"yoast-schema-graph\">{\"@context\":\"https:\/\/schema.org\",\"@graph\":[{\"@type\":\"WebPage\",\"@id\":\"https:\/\/michelliconvalley.com\/\",\"url\":\"https:\/\/michelliconvalley.com\/\",\"name\":\"Startseite - Michelliconvalley\",\"isPartOf\":{\"@id\":\"https:\/\/michelliconvalley.com\/#website\"},\"datePublished\":\"2021-08-03T18:16:42+00:00\",\"dateModified\":\"2025-07-23T20:57:34+00:00\",\"description\":\"Hier werden deine Visionen erfolgreich. Unsere Schwerpunkte sind K\u00fcnstlermanagement, Social Media und IT. Wir bieten dir eine ganzheitliche Unterst\u00fctzung f\u00fcr deinen Erfolg.\",\"breadcrumb\":{\"@id\":\"https:\/\/michelliconvalley.com\/#breadcrumb\"},\"inLanguage\":\"de\",\"potentialAction\":[{\"@type\":\"ReadAction\",\"target\":[\"https:\/\/michelliconvalley.com\/\"]}]},{\"@type\":\"BreadcrumbList\",\"@id\":\"https:\/\/michelliconvalley.com\/#breadcrumb\",\"itemListElement\":[{\"@type\":\"ListItem\",\"position\":1,\"name\":\"Startseite\",\"item\":\"https:\/\/michelliconvalley.com\/\"},{\"@type\":\"ListItem\",\"position\":2,\"name\":\"Startseite\"}]},{\"@type\":\"WebSite\",\"@id\":\"https:\/\/michelliconvalley.com\/#website\",\"url\":\"https:\/\/michelliconvalley.com\/\",\"name\":\"Michelliconvalley\",\"description\":\"KI &amp; Automatisierung, Websites &amp; Apps\",\"publisher\":{\"@id\":\"https:\/\/michelliconvalley.com\/#organization\"},\"potentialAction\":[{\"@type\":\"SearchAction\",\"target\":{\"@type\":\"EntryPoint\",\"urlTemplate\":\"https:\/\/michelliconvalley.com\/?s={search_term_string}\"},\"query-input\":{\"@type\":\"PropertyValueSpecification\",\"valueRequired\":true,\"valueName\":\"search_term_string\"}}],\"inLanguage\":\"de\"},{\"@type\":\"Organization\",\"@id\":\"https:\/\/michelliconvalley.com\/#organization\",\"name\":\"Michellicon Valley\",\"url\":\"https:\/\/michelliconvalley.com\/\",\"logo\":{\"@type\":\"ImageObject\",\"inLanguage\":\"de\",\"@id\":\"https:\/\/michelliconvalley.com\/#\/schema\/logo\/image\/\",\"url\":\"https:\/\/michelliconvalley.com\/wp-content\/uploads\/2021\/09\/cropped-MV_3.png\",\"contentUrl\":\"https:\/\/michelliconvalley.com\/wp-content\/uploads\/2021\/09\/cropped-MV_3.png\",\"width\":512,\"height\":512,\"caption\":\"Michellicon Valley\"},\"image\":{\"@id\":\"https:\/\/michelliconvalley.com\/#\/schema\/logo\/image\/\"},\"sameAs\":[\"https:\/\/www.facebook.com\/people\/Michellicon-Valley\/100070913688878\/\",\"https:\/\/www.instagram.com\/michelliconvalley\/\"]}]}<\/script>\n<!-- \/ Yoast SEO plugin. -->","yoast_head_json":{"title":"Startseite - Michelliconvalley","description":"Hier werden deine Visionen erfolgreich. Unsere Schwerpunkte sind K\u00fcnstlermanagement, Social Media und IT. Wir bieten dir eine ganzheitliche Unterst\u00fctzung f\u00fcr deinen Erfolg.","robots":{"index":"index","follow":"follow","max-snippet":"max-snippet:-1","max-image-preview":"max-image-preview:large","max-video-preview":"max-video-preview:-1"},"canonical":"https:\/\/michelliconvalley.com\/de\/","og_locale":"de_DE","og_type":"article","og_title":"Startseite - Michelliconvalley","og_description":"Hier werden deine Visionen erfolgreich. Unsere Schwerpunkte sind K\u00fcnstlermanagement, Social Media und IT. Wir bieten dir eine ganzheitliche Unterst\u00fctzung f\u00fcr deinen Erfolg.","og_url":"https:\/\/michelliconvalley.com\/de\/","og_site_name":"Michelliconvalley","article_publisher":"https:\/\/www.facebook.com\/people\/Michellicon-Valley\/100070913688878\/","article_modified_time":"2025-07-23T20:57:34+00:00","twitter_card":"summary_large_image","twitter_misc":{"Gesch\u00e4tzte Lesezeit":"1\u00a0Minute"},"schema":{"@context":"https:\/\/schema.org","@graph":[{"@type":"WebPage","@id":"https:\/\/michelliconvalley.com\/","url":"https:\/\/michelliconvalley.com\/","name":"Startseite - Michelliconvalley","isPartOf":{"@id":"https:\/\/michelliconvalley.com\/#website"},"datePublished":"2021-08-03T18:16:42+00:00","dateModified":"2025-07-23T20:57:34+00:00","description":"Hier werden deine Visionen erfolgreich. Unsere Schwerpunkte sind K\u00fcnstlermanagement, Social Media und IT. Wir bieten dir eine ganzheitliche Unterst\u00fctzung f\u00fcr deinen Erfolg.","breadcrumb":{"@id":"https:\/\/michelliconvalley.com\/#breadcrumb"},"inLanguage":"de","potentialAction":[{"@type":"ReadAction","target":["https:\/\/michelliconvalley.com\/"]}]},{"@type":"BreadcrumbList","@id":"https:\/\/michelliconvalley.com\/#breadcrumb","itemListElement":[{"@type":"ListItem","position":1,"name":"Startseite","item":"https:\/\/michelliconvalley.com\/"},{"@type":"ListItem","position":2,"name":"Startseite"}]},{"@type":"WebSite","@id":"https:\/\/michelliconvalley.com\/#website","url":"https:\/\/michelliconvalley.com\/","name":"Michelliconvalley","description":"KI &amp; Automatisierung, Websites &amp; Apps","publisher":{"@id":"https:\/\/michelliconvalley.com\/#organization"},"potentialAction":[{"@type":"SearchAction","target":{"@type":"EntryPoint","urlTemplate":"https:\/\/michelliconvalley.com\/?s={search_term_string}"},"query-input":{"@type":"PropertyValueSpecification","valueRequired":true,"valueName":"search_term_string"}}],"inLanguage":"de"},{"@type":"Organization","@id":"https:\/\/michelliconvalley.com\/#organization","name":"Michellicon Valley","url":"https:\/\/michelliconvalley.com\/","logo":{"@type":"ImageObject","inLanguage":"de","@id":"https:\/\/michelliconvalley.com\/#\/schema\/logo\/image\/","url":"https:\/\/michelliconvalley.com\/wp-content\/uploads\/2021\/09\/cropped-MV_3.png","contentUrl":"https:\/\/michelliconvalley.com\/wp-content\/uploads\/2021\/09\/cropped-MV_3.png","width":512,"height":512,"caption":"Michellicon Valley"},"image":{"@id":"https:\/\/michelliconvalley.com\/#\/schema\/logo\/image\/"},"sameAs":["https:\/\/www.facebook.com\/people\/Michellicon-Valley\/100070913688878\/","https:\/\/www.instagram.com\/michelliconvalley\/"]}]}},"_links":{"self":[{"href":"https:\/\/michelliconvalley.com\/de\/wp-json\/wp\/v2\/pages\/3574","targetHints":{"allow":["GET"]}}],"collection":[{"href":"https:\/\/michelliconvalley.com\/de\/wp-json\/wp\/v2\/pages"}],"about":[{"href":"https:\/\/michelliconvalley.com\/de\/wp-json\/wp\/v2\/types\/page"}],"author":[{"embeddable":true,"href":"https:\/\/michelliconvalley.com\/de\/wp-json\/wp\/v2\/users\/1"}],"replies":[{"embeddable":true,"href":"https:\/\/michelliconvalley.com\/de\/wp-json\/wp\/v2\/comments?post=3574"}],"version-history":[{"count":185,"href":"https:\/\/michelliconvalley.com\/de\/wp-json\/wp\/v2\/pages\/3574\/revisions"}],"predecessor-version":[{"id":6270,"href":"https:\/\/michelliconvalley.com\/de\/wp-json\/wp\/v2\/pages\/3574\/revisions\/6270"}],"wp:attachment":[{"href":"https:\/\/michelliconvalley.com\/de\/wp-json\/wp\/v2\/media?parent=3574"}],"curies":[{"name":"wp","href":"https:\/\/api.w.org\/{rel}","templated":true}]}}