{"id":3530,"date":"2021-08-03T19:53:13","date_gmt":"2021-08-03T17:53:13","guid":{"rendered":"http:\/\/dev.michelliconvalley.com\/?page_id=3530"},"modified":"2025-07-23T06:34:38","modified_gmt":"2025-07-23T04:34:38","slug":"ki","status":"publish","type":"page","link":"https:\/\/michelliconvalley.com\/de\/ki-und-automatisierung\/ki\/","title":{"rendered":"KI"},"content":{"rendered":"\t\t<div data-elementor-type=\"wp-page\" data-elementor-id=\"3530\" class=\"elementor elementor-3530\">\n\t\t\t\t\t\t<section class=\"elementor-section elementor-top-section elementor-element elementor-element-20810cf elementor-section-boxed elementor-section-height-default elementor-section-height-default\" data-id=\"20810cf\" data-element_type=\"section\">\n\t\t\t\t\t\t<div class=\"elementor-container elementor-column-gap-default\">\n\t\t\t\t\t<div class=\"elementor-column elementor-col-100 elementor-top-column elementor-element elementor-element-f132c11\" data-id=\"f132c11\" data-element_type=\"column\">\n\t\t\t<div class=\"elementor-widget-wrap\">\n\t\t\t\t\t\t\t<\/div>\n\t\t<\/div>\n\t\t\t\t\t<\/div>\n\t\t<\/section>\n\t\t\t\t<section class=\"elementor-section elementor-top-section elementor-element elementor-element-b38a312 elementor-reverse-mobile elementor-section-boxed elementor-section-height-default elementor-section-height-default\" data-id=\"b38a312\" data-element_type=\"section\" data-settings=\"{&quot;background_background&quot;:&quot;classic&quot;}\">\n\t\t\t\t\t\t\t<div class=\"elementor-background-overlay\"><\/div>\n\t\t\t\t\t\t\t<div class=\"elementor-container elementor-column-gap-default\">\n\t\t\t\t\t<div class=\"elementor-column elementor-col-100 elementor-top-column elementor-element elementor-element-49e00c1 cb-col-black-background cb-white-text\" data-id=\"49e00c1\" data-element_type=\"column\" data-settings=\"{&quot;background_background&quot;:&quot;classic&quot;}\">\n\t\t\t<div class=\"elementor-widget-wrap elementor-element-populated\">\n\t\t\t\t\t<div class=\"elementor-background-overlay\"><\/div>\n\t\t\t\t\t\t<div class=\"elementor-element elementor-element-077d413 elementor-widget elementor-widget-heading\" data-id=\"077d413\" data-element_type=\"widget\" data-widget_type=\"heading.default\">\n\t\t\t\t<div class=\"elementor-widget-container\">\n\t\t\t\t\t<h1 class=\"elementor-heading-title elementor-size-default\">KI &amp; intelligente Systeme<\/h1>\t\t\t\t<\/div>\n\t\t\t\t<\/div>\n\t\t\t\t<div class=\"elementor-element elementor-element-b427f16 elementor-widget__width-initial elementor-widget-mobile__width-inherit elementor-widget elementor-widget-text-editor\" data-id=\"b427f16\" data-element_type=\"widget\" data-widget_type=\"text-editor.default\">\n\t\t\t\t<div class=\"elementor-widget-container\">\n\t\t\t\t\t\t\t\t\t<p data-start=\"182\" data-end=\"466\"><strong data-start=\"182\" data-end=\"279\">Nutze k\u00fcnstliche Intelligenz strategisch \u2013 f\u00fcr mehr Effizienz, Personalisierung und Wachstum.<\/strong><br data-start=\"279\" data-end=\"282\" \/>Ob Chatbots, smarte Workflows oder Analyse-Tools \u2013 mit durchdachtem KI-Einsatz automatisierst du nicht nur Aufgaben, sondern optimierst auch Entscheidungen, Kundenbindung und Vertrieb.<\/p><p data-start=\"468\" data-end=\"595\">Wir unterst\u00fctzen dich dabei, KI sinnvoll und verantwortungsbewusst einzusetzen \u2013 ganz ohne Buzzwords, aber mit echtem Mehrwert.<\/p>\t\t\t\t\t\t\t\t<\/div>\n\t\t\t\t<\/div>\n\t\t\t\t<div class=\"elementor-element elementor-element-54325ea cb-white-button elementor-widget elementor-widget-button\" data-id=\"54325ea\" data-element_type=\"widget\" data-widget_type=\"button.default\">\n\t\t\t\t<div class=\"elementor-widget-container\">\n\t\t\t\t\t\t\t\t\t<div class=\"elementor-button-wrapper\">\n\t\t\t\t\t<a class=\"elementor-button elementor-button-link elementor-size-sm\" href=\"\/kontakt\" target=\"_blank\">\n\t\t\t\t\t\t<span class=\"elementor-button-content-wrapper\">\n\t\t\t\t\t\t\t\t\t<span class=\"elementor-button-text\">KONTAKT<\/span>\n\t\t\t\t\t<\/span>\n\t\t\t\t\t<\/a>\n\t\t\t\t<\/div>\n\t\t\t\t\t\t\t\t<\/div>\n\t\t\t\t<\/div>\n\t\t\t\t\t<\/div>\n\t\t<\/div>\n\t\t\t\t\t<\/div>\n\t\t<\/section>\n\t\t\t\t<section class=\"elementor-section elementor-top-section elementor-element elementor-element-be8a9c1 elementor-section-boxed elementor-section-height-default elementor-section-height-default\" data-id=\"be8a9c1\" data-element_type=\"section\">\n\t\t\t\t\t\t<div class=\"elementor-container elementor-column-gap-default\">\n\t\t\t\t\t<div class=\"elementor-column elementor-col-100 elementor-top-column elementor-element elementor-element-a177238\" data-id=\"a177238\" data-element_type=\"column\" data-settings=\"{&quot;background_background&quot;:&quot;classic&quot;}\">\n\t\t\t<div class=\"elementor-widget-wrap elementor-element-populated\">\n\t\t\t\t\t\t<div class=\"elementor-element elementor-element-dac3663 elementor-widget elementor-widget-heading\" data-id=\"dac3663\" data-element_type=\"widget\" data-widget_type=\"heading.default\">\n\t\t\t\t<div class=\"elementor-widget-container\">\n\t\t\t\t\t<h2 class=\"elementor-heading-title elementor-size-default\">Unsere Leistungen<\/h2>\t\t\t\t<\/div>\n\t\t\t\t<\/div>\n\t\t\t\t<div class=\"elementor-element elementor-element-7d0d922 elementor-align-center elementor-mobile-align-center auswahlliste elementor-icon-list--layout-traditional elementor-list-item-link-full_width elementor-widget elementor-widget-icon-list\" data-id=\"7d0d922\" data-element_type=\"widget\" data-widget_type=\"icon-list.default\">\n\t\t\t\t<div class=\"elementor-widget-container\">\n\t\t\t\t\t\t\t<ul class=\"elementor-icon-list-items\">\n\t\t\t\t\t\t\t<li class=\"elementor-icon-list-item\">\n\t\t\t\t\t\t\t\t\t\t<span class=\"elementor-icon-list-text\">- Beratung zum Einsatz von KI in deinem Business<\/span>\n\t\t\t\t\t\t\t\t\t<\/li>\n\t\t\t\t\t\t\t\t<li class=\"elementor-icon-list-item\">\n\t\t\t\t\t\t\t\t\t\t<span class=\"elementor-icon-list-text\">- Einrichtung und Training von KI-gest\u00fctzten Chatbots (z.\u202fB. f\u00fcr Support oder Beratung)<\/span>\n\t\t\t\t\t\t\t\t\t<\/li>\n\t\t\t\t\t\t\t\t<li class=\"elementor-icon-list-item\">\n\t\t\t\t\t\t\t\t\t\t<span class=\"elementor-icon-list-text\">- Integration von KI-Tools in bestehende Systeme (z.\u202fB. OpenAI, ChatGPT, Claude, Midjourney, u.\u202fa.)<\/span>\n\t\t\t\t\t\t\t\t\t<\/li>\n\t\t\t\t\t\t\t\t<li class=\"elementor-icon-list-item\">\n\t\t\t\t\t\t\t\t\t\t<span class=\"elementor-icon-list-text\">- Automatisierung mit KI zur Effizienzsteigerung (z.\u202fB. Texterkennung, Vorhersagen, Zusammenfassungen)<\/span>\n\t\t\t\t\t\t\t\t\t<\/li>\n\t\t\t\t\t\t\t\t<li class=\"elementor-icon-list-item\">\n\t\t\t\t\t\t\t\t\t\t<span class=\"elementor-icon-list-text\">- Optimierung deiner Inhalte f\u00fcr klassische und KI-gest\u00fctzte Suchmaschinen (KI-Suchmaschinen-Indexierung)<\/span>\n\t\t\t\t\t\t\t\t\t<\/li>\n\t\t\t\t\t\t<\/ul>\n\t\t\t\t\t\t<\/div>\n\t\t\t\t<\/div>\n\t\t\t\t\t<\/div>\n\t\t<\/div>\n\t\t\t\t\t<\/div>\n\t\t<\/section>\n\t\t\t\t<section class=\"elementor-section elementor-top-section elementor-element elementor-element-e534914 elementor-section-boxed elementor-section-height-default elementor-section-height-default\" data-id=\"e534914\" data-element_type=\"section\">\n\t\t\t\t\t\t<div class=\"elementor-container elementor-column-gap-default\">\n\t\t\t\t\t<div class=\"elementor-column elementor-col-100 elementor-top-column elementor-element elementor-element-f0015c1\" data-id=\"f0015c1\" data-element_type=\"column\">\n\t\t\t<div class=\"elementor-widget-wrap elementor-element-populated\">\n\t\t\t\t\t\t<div class=\"elementor-element elementor-element-66af970 elementor-align-center elementor-widget elementor-widget-button\" data-id=\"66af970\" data-element_type=\"widget\" data-widget_type=\"button.default\">\n\t\t\t\t<div class=\"elementor-widget-container\">\n\t\t\t\t\t\t\t\t\t<div class=\"elementor-button-wrapper\">\n\t\t\t\t\t<a class=\"elementor-button elementor-button-link elementor-size-lg\" href=\"https:\/\/michelliconvalley.com\/kontakt\/\" target=\"_blank\">\n\t\t\t\t\t\t<span class=\"elementor-button-content-wrapper\">\n\t\t\t\t\t\t\t\t\t<span class=\"elementor-button-text\">Jetzt Kontakt aufnehmen<\/span>\n\t\t\t\t\t<\/span>\n\t\t\t\t\t<\/a>\n\t\t\t\t<\/div>\n\t\t\t\t\t\t\t\t<\/div>\n\t\t\t\t<\/div>\n\t\t\t\t\t<\/div>\n\t\t<\/div>\n\t\t\t\t\t<\/div>\n\t\t<\/section>\n\t\t\t\t<\/div>\n\t\t","protected":false},"excerpt":{"rendered":"<p>KI &amp; intelligente Systeme Nutze k\u00fcnstliche Intelligenz strategisch \u2013 f\u00fcr mehr Effizienz, Personalisierung und Wachstum.Ob Chatbots, smarte Workflows oder Analyse-Tools \u2013 mit durchdachtem KI-Einsatz automatisierst du nicht nur Aufgaben, sondern optimierst auch Entscheidungen, Kundenbindung und Vertrieb. Wir unterst\u00fctzen dich dabei, KI sinnvoll und verantwortungsbewusst einzusetzen \u2013 ganz ohne Buzzwords, aber mit echtem Mehrwert. KONTAKT Unsere [&hellip;]<\/p>\n","protected":false},"author":1,"featured_media":0,"parent":963,"menu_order":1,"comment_status":"closed","ping_status":"closed","template":"elementor_header_footer","meta":{"footnotes":""},"class_list":["post-3530","page","type-page","status-publish","hentry"],"yoast_head":"<!-- This site is optimized with the Yoast SEO plugin v26.6 - https:\/\/yoast.com\/wordpress\/plugins\/seo\/ -->\n<title>KI - Michelliconvalley<\/title>\n<meta name=\"description\" content=\"K\u00fcnstlermanagement Agentur f\u00fcr K\u00fcnstler wie Blogger, Influencer und Models. Steigerung deines Marktwerts und Unterst\u00fctzung bei deiner individuellen Karriere.\" \/>\n<meta name=\"robots\" content=\"index, follow, max-snippet:-1, max-image-preview:large, max-video-preview:-1\" \/>\n<link rel=\"canonical\" href=\"https:\/\/michelliconvalley.com\/de\/ki-und-automatisierung\/ki\/\" \/>\n<meta property=\"og:locale\" content=\"de_DE\" \/>\n<meta property=\"og:type\" content=\"article\" \/>\n<meta property=\"og:title\" content=\"KI - Michelliconvalley\" \/>\n<meta property=\"og:description\" content=\"K\u00fcnstlermanagement Agentur f\u00fcr K\u00fcnstler wie Blogger, Influencer und Models. Steigerung deines Marktwerts und Unterst\u00fctzung bei deiner individuellen Karriere.\" \/>\n<meta property=\"og:url\" content=\"https:\/\/michelliconvalley.com\/de\/ki-und-automatisierung\/ki\/\" \/>\n<meta property=\"og:site_name\" content=\"Michelliconvalley\" \/>\n<meta property=\"article:publisher\" content=\"https:\/\/www.facebook.com\/people\/Michellicon-Valley\/100070913688878\/\" \/>\n<meta property=\"article:modified_time\" content=\"2025-07-23T04:34:38+00:00\" \/>\n<meta name=\"twitter:card\" content=\"summary_large_image\" \/>\n<meta name=\"twitter:label1\" content=\"Gesch\u00e4tzte Lesezeit\" \/>\n\t<meta name=\"twitter:data1\" content=\"1\u00a0Minute\" \/>\n<script type=\"application\/ld+json\" class=\"yoast-schema-graph\">{\"@context\":\"https:\/\/schema.org\",\"@graph\":[{\"@type\":\"WebPage\",\"@id\":\"https:\/\/michelliconvalley.com\/ki-und-automatisierung\/ki\/\",\"url\":\"https:\/\/michelliconvalley.com\/ki-und-automatisierung\/ki\/\",\"name\":\"KI - Michelliconvalley\",\"isPartOf\":{\"@id\":\"https:\/\/michelliconvalley.com\/#website\"},\"datePublished\":\"2021-08-03T17:53:13+00:00\",\"dateModified\":\"2025-07-23T04:34:38+00:00\",\"description\":\"K\u00fcnstlermanagement Agentur f\u00fcr K\u00fcnstler wie Blogger, Influencer und Models. Steigerung deines Marktwerts und Unterst\u00fctzung bei deiner individuellen Karriere.\",\"breadcrumb\":{\"@id\":\"https:\/\/michelliconvalley.com\/ki-und-automatisierung\/ki\/#breadcrumb\"},\"inLanguage\":\"de\",\"potentialAction\":[{\"@type\":\"ReadAction\",\"target\":[\"https:\/\/michelliconvalley.com\/ki-und-automatisierung\/ki\/\"]}]},{\"@type\":\"BreadcrumbList\",\"@id\":\"https:\/\/michelliconvalley.com\/ki-und-automatisierung\/ki\/#breadcrumb\",\"itemListElement\":[{\"@type\":\"ListItem\",\"position\":1,\"name\":\"Startseite\",\"item\":\"https:\/\/michelliconvalley.com\/\"},{\"@type\":\"ListItem\",\"position\":2,\"name\":\"KI &amp; Automatisierung\",\"item\":\"https:\/\/michelliconvalley.com\/ki-und-automatisierung\/\"},{\"@type\":\"ListItem\",\"position\":3,\"name\":\"KI\"}]},{\"@type\":\"WebSite\",\"@id\":\"https:\/\/michelliconvalley.com\/#website\",\"url\":\"https:\/\/michelliconvalley.com\/\",\"name\":\"Michelliconvalley\",\"description\":\"KI &amp; Automatisierung, Websites &amp; Apps\",\"publisher\":{\"@id\":\"https:\/\/michelliconvalley.com\/#organization\"},\"potentialAction\":[{\"@type\":\"SearchAction\",\"target\":{\"@type\":\"EntryPoint\",\"urlTemplate\":\"https:\/\/michelliconvalley.com\/?s={search_term_string}\"},\"query-input\":{\"@type\":\"PropertyValueSpecification\",\"valueRequired\":true,\"valueName\":\"search_term_string\"}}],\"inLanguage\":\"de\"},{\"@type\":\"Organization\",\"@id\":\"https:\/\/michelliconvalley.com\/#organization\",\"name\":\"Michellicon Valley\",\"url\":\"https:\/\/michelliconvalley.com\/\",\"logo\":{\"@type\":\"ImageObject\",\"inLanguage\":\"de\",\"@id\":\"https:\/\/michelliconvalley.com\/#\/schema\/logo\/image\/\",\"url\":\"https:\/\/michelliconvalley.com\/wp-content\/uploads\/2021\/09\/cropped-MV_3.png\",\"contentUrl\":\"https:\/\/michelliconvalley.com\/wp-content\/uploads\/2021\/09\/cropped-MV_3.png\",\"width\":512,\"height\":512,\"caption\":\"Michellicon Valley\"},\"image\":{\"@id\":\"https:\/\/michelliconvalley.com\/#\/schema\/logo\/image\/\"},\"sameAs\":[\"https:\/\/www.facebook.com\/people\/Michellicon-Valley\/100070913688878\/\",\"https:\/\/www.instagram.com\/michelliconvalley\/\"]}]}<\/script>\n<!-- \/ Yoast SEO plugin. -->","yoast_head_json":{"title":"KI - Michelliconvalley","description":"K\u00fcnstlermanagement Agentur f\u00fcr K\u00fcnstler wie Blogger, Influencer und Models. Steigerung deines Marktwerts und Unterst\u00fctzung bei deiner individuellen Karriere.","robots":{"index":"index","follow":"follow","max-snippet":"max-snippet:-1","max-image-preview":"max-image-preview:large","max-video-preview":"max-video-preview:-1"},"canonical":"https:\/\/michelliconvalley.com\/de\/ki-und-automatisierung\/ki\/","og_locale":"de_DE","og_type":"article","og_title":"KI - Michelliconvalley","og_description":"K\u00fcnstlermanagement Agentur f\u00fcr K\u00fcnstler wie Blogger, Influencer und Models. Steigerung deines Marktwerts und Unterst\u00fctzung bei deiner individuellen Karriere.","og_url":"https:\/\/michelliconvalley.com\/de\/ki-und-automatisierung\/ki\/","og_site_name":"Michelliconvalley","article_publisher":"https:\/\/www.facebook.com\/people\/Michellicon-Valley\/100070913688878\/","article_modified_time":"2025-07-23T04:34:38+00:00","twitter_card":"summary_large_image","twitter_misc":{"Gesch\u00e4tzte Lesezeit":"1\u00a0Minute"},"schema":{"@context":"https:\/\/schema.org","@graph":[{"@type":"WebPage","@id":"https:\/\/michelliconvalley.com\/ki-und-automatisierung\/ki\/","url":"https:\/\/michelliconvalley.com\/ki-und-automatisierung\/ki\/","name":"KI - Michelliconvalley","isPartOf":{"@id":"https:\/\/michelliconvalley.com\/#website"},"datePublished":"2021-08-03T17:53:13+00:00","dateModified":"2025-07-23T04:34:38+00:00","description":"K\u00fcnstlermanagement Agentur f\u00fcr K\u00fcnstler wie Blogger, Influencer und Models. Steigerung deines Marktwerts und Unterst\u00fctzung bei deiner individuellen Karriere.","breadcrumb":{"@id":"https:\/\/michelliconvalley.com\/ki-und-automatisierung\/ki\/#breadcrumb"},"inLanguage":"de","potentialAction":[{"@type":"ReadAction","target":["https:\/\/michelliconvalley.com\/ki-und-automatisierung\/ki\/"]}]},{"@type":"BreadcrumbList","@id":"https:\/\/michelliconvalley.com\/ki-und-automatisierung\/ki\/#breadcrumb","itemListElement":[{"@type":"ListItem","position":1,"name":"Startseite","item":"https:\/\/michelliconvalley.com\/"},{"@type":"ListItem","position":2,"name":"KI &amp; Automatisierung","item":"https:\/\/michelliconvalley.com\/ki-und-automatisierung\/"},{"@type":"ListItem","position":3,"name":"KI"}]},{"@type":"WebSite","@id":"https:\/\/michelliconvalley.com\/#website","url":"https:\/\/michelliconvalley.com\/","name":"Michelliconvalley","description":"KI &amp; Automatisierung, Websites &amp; Apps","publisher":{"@id":"https:\/\/michelliconvalley.com\/#organization"},"potentialAction":[{"@type":"SearchAction","target":{"@type":"EntryPoint","urlTemplate":"https:\/\/michelliconvalley.com\/?s={search_term_string}"},"query-input":{"@type":"PropertyValueSpecification","valueRequired":true,"valueName":"search_term_string"}}],"inLanguage":"de"},{"@type":"Organization","@id":"https:\/\/michelliconvalley.com\/#organization","name":"Michellicon Valley","url":"https:\/\/michelliconvalley.com\/","logo":{"@type":"ImageObject","inLanguage":"de","@id":"https:\/\/michelliconvalley.com\/#\/schema\/logo\/image\/","url":"https:\/\/michelliconvalley.com\/wp-content\/uploads\/2021\/09\/cropped-MV_3.png","contentUrl":"https:\/\/michelliconvalley.com\/wp-content\/uploads\/2021\/09\/cropped-MV_3.png","width":512,"height":512,"caption":"Michellicon Valley"},"image":{"@id":"https:\/\/michelliconvalley.com\/#\/schema\/logo\/image\/"},"sameAs":["https:\/\/www.facebook.com\/people\/Michellicon-Valley\/100070913688878\/","https:\/\/www.instagram.com\/michelliconvalley\/"]}]}},"_links":{"self":[{"href":"https:\/\/michelliconvalley.com\/de\/wp-json\/wp\/v2\/pages\/3530","targetHints":{"allow":["GET"]}}],"collection":[{"href":"https:\/\/michelliconvalley.com\/de\/wp-json\/wp\/v2\/pages"}],"about":[{"href":"https:\/\/michelliconvalley.com\/de\/wp-json\/wp\/v2\/types\/page"}],"author":[{"embeddable":true,"href":"https:\/\/michelliconvalley.com\/de\/wp-json\/wp\/v2\/users\/1"}],"replies":[{"embeddable":true,"href":"https:\/\/michelliconvalley.com\/de\/wp-json\/wp\/v2\/comments?post=3530"}],"version-history":[{"count":35,"href":"https:\/\/michelliconvalley.com\/de\/wp-json\/wp\/v2\/pages\/3530\/revisions"}],"predecessor-version":[{"id":6246,"href":"https:\/\/michelliconvalley.com\/de\/wp-json\/wp\/v2\/pages\/3530\/revisions\/6246"}],"up":[{"embeddable":true,"href":"https:\/\/michelliconvalley.com\/de\/wp-json\/wp\/v2\/pages\/963"}],"wp:attachment":[{"href":"https:\/\/michelliconvalley.com\/de\/wp-json\/wp\/v2\/media?parent=3530"}],"curies":[{"name":"wp","href":"https:\/\/api.w.org\/{rel}","templated":true}]}}